{"id":105,"date":"2025-08-12T11:35:27","date_gmt":"2025-08-12T09:35:27","guid":{"rendered":"http:\/\/www.gis-box.de\/sophiedev\/?page_id=105"},"modified":"2025-08-12T11:44:43","modified_gmt":"2025-08-12T09:44:43","slug":"startseite","status":"publish","type":"page","link":"http:\/\/www.gis-box.de\/sophiedev\/","title":{"rendered":"Startseite"},"content":{"rendered":"\n<p>Die <strong>Sophie Medienwerkstatt<\/strong> ist ein freier Raum f\u00fcr junge Perspektiven, kreative Medienarbeit und kritische Auseinandersetzung mit der Welt. Wir entwickeln und begleiten Projekte an der Schnittstelle von Film, Journalismus, Bildung und Kunst \u2013 mit dem Ziel, Medien nicht nur zu konsumieren, sondern selbst zu gestalten.<\/p>\n\n\n\n<p>Ob Kamera, Text, Podcast oder digitale Formate: In der Medienwerkstatt treffen Jugendliche und junge Erwachsene auf Werkzeuge, Wissen und Menschen, die sie in ihrem Ausdruck unterst\u00fctzen. Dabei setzen wir auf eigenst\u00e4ndiges Arbeiten, auf Begegnungen auf Augenh\u00f6he und auf das gemeinsame Experimentieren mit Form und Inhalt.<\/p>\n\n\n\n<p>Unsere Projekte f\u00f6rdern kulturelle Teilhabe, mediale Kompetenz und gesellschaftliches Engagement \u2013 und laden dazu ein, eigene Fragen zu stellen, Geschichten zu erz\u00e4hlen und neue Perspektiven zu entdecken.<\/p>\n\n\n\n<p>Die Sophie Medienwerkstatt versteht sich als offenes, inklusives Angebot. Wir arbeiten kollaborativ mit Schulen, Kulturinstitutionen, Festivals und anderen Partnern zusammen \u2013 lokal verankert, aber mit weitem Blick.<\/p>\n\n\n\n<p><strong>Unsere Webseite entsteht gerade neu!<\/strong><\/p>\n\n\n\n<p>Wir arbeiten momentan mit Hochdruck daran, unsere Seite f\u00fcr euch zu \u00fcberarbeiten und noch besser zu machen. Bitte habt ein wenig Geduld, w\u00e4hrend wir den Umbau gestalten.<\/p>\n\n\n\n<p>In der Zwischenzeit k\u00f6nnt ihr hier einige unserer Filmproduktionen anschauen und einen ersten Eindruck von unserer Arbeit bekommen.<\/p>\n\n\n\n<p>Danke f\u00fcr euer Verst\u00e4ndnis und viel Spa\u00df beim Entdecken!<\/p>\n","protected":false},"excerpt":{"rendered":"<p>Die Sophie Medienwerkstatt ist ein freier Raum f\u00fcr junge Perspektiven, kreative Medienarbeit und kritische Auseinandersetzung mit der Welt. Wir entwickeln und begleiten Projekte an der Schnittstelle von Film, Journalismus, Bildung und Kunst \u2013 mit dem Ziel, Medien nicht nur zu konsumieren, sondern selbst zu gestalten. Ob Kamera, Text, Podcast oder digitale Formate: In der Medienwerkstatt [&hellip;]<\/p>\n","protected":false},"author":1,"featured_media":0,"parent":0,"menu_order":0,"comment_status":"closed","ping_status":"closed","template":"","meta":{"footnotes":""},"class_list":["post-105","page","type-page","status-publish","hentry"],"_links":{"self":[{"href":"http:\/\/www.gis-box.de\/sophiedev\/index.php?rest_route=\/wp\/v2\/pages\/105","targetHints":{"allow":["GET"]}}],"collection":[{"href":"http:\/\/www.gis-box.de\/sophiedev\/index.php?rest_route=\/wp\/v2\/pages"}],"about":[{"href":"http:\/\/www.gis-box.de\/sophiedev\/index.php?rest_route=\/wp\/v2\/types\/page"}],"author":[{"embeddable":true,"href":"http:\/\/www.gis-box.de\/sophiedev\/index.php?rest_route=\/wp\/v2\/users\/1"}],"replies":[{"embeddable":true,"href":"http:\/\/www.gis-box.de\/sophiedev\/index.php?rest_route=%2Fwp%2Fv2%2Fcomments&post=105"}],"version-history":[{"count":2,"href":"http:\/\/www.gis-box.de\/sophiedev\/index.php?rest_route=\/wp\/v2\/pages\/105\/revisions"}],"predecessor-version":[{"id":109,"href":"http:\/\/www.gis-box.de\/sophiedev\/index.php?rest_route=\/wp\/v2\/pages\/105\/revisions\/109"}],"wp:attachment":[{"href":"http:\/\/www.gis-box.de\/sophiedev\/index.php?rest_route=%2Fwp%2Fv2%2Fmedia&parent=105"}],"curies":[{"name":"wp","href":"https:\/\/api.w.org\/{rel}","templated":true}]}}