{"id":30,"date":"2025-02-17T20:19:34","date_gmt":"2025-02-17T19:19:34","guid":{"rendered":"http:\/\/www.gis-box.de\/sophiedev\/?page_id=30"},"modified":"2025-08-12T11:57:07","modified_gmt":"2025-08-12T09:57:07","slug":"kontakt","status":"publish","type":"page","link":"http:\/\/www.gis-box.de\/sophiedev\/?page_id=30","title":{"rendered":"Kontakt"},"content":{"rendered":"\n<p>Wir sind f\u00fcr euch da! Bald findet ihr hier alle M\u00f6glichkeiten, mit uns in Verbindung zu treten. Schreibt uns gerne schon jetzt &#8211; \u00fcber unsere sozialen Medien &#8211; wir freuen uns auf den Austausch.<\/p>\n","protected":false},"excerpt":{"rendered":"<p>Wir sind f\u00fcr euch da! Bald findet ihr hier alle M\u00f6glichkeiten, mit uns in Verbindung zu treten. Schreibt uns gerne schon jetzt &#8211; \u00fcber unsere sozialen Medien &#8211; wir freuen uns auf den Austausch.<\/p>\n","protected":false},"author":1,"featured_media":0,"parent":0,"menu_order":0,"comment_status":"closed","ping_status":"closed","template":"","meta":{"footnotes":""},"class_list":["post-30","page","type-page","status-publish","hentry"],"_links":{"self":[{"href":"http:\/\/www.gis-box.de\/sophiedev\/index.php?rest_route=\/wp\/v2\/pages\/30","targetHints":{"allow":["GET"]}}],"collection":[{"href":"http:\/\/www.gis-box.de\/sophiedev\/index.php?rest_route=\/wp\/v2\/pages"}],"about":[{"href":"http:\/\/www.gis-box.de\/sophiedev\/index.php?rest_route=\/wp\/v2\/types\/page"}],"author":[{"embeddable":true,"href":"http:\/\/www.gis-box.de\/sophiedev\/index.php?rest_route=\/wp\/v2\/users\/1"}],"replies":[{"embeddable":true,"href":"http:\/\/www.gis-box.de\/sophiedev\/index.php?rest_route=%2Fwp%2Fv2%2Fcomments&post=30"}],"version-history":[{"count":3,"href":"http:\/\/www.gis-box.de\/sophiedev\/index.php?rest_route=\/wp\/v2\/pages\/30\/revisions"}],"predecessor-version":[{"id":117,"href":"http:\/\/www.gis-box.de\/sophiedev\/index.php?rest_route=\/wp\/v2\/pages\/30\/revisions\/117"}],"wp:attachment":[{"href":"http:\/\/www.gis-box.de\/sophiedev\/index.php?rest_route=%2Fwp%2Fv2%2Fmedia&parent=30"}],"curies":[{"name":"wp","href":"https:\/\/api.w.org\/{rel}","templated":true}]}}